{"id":161,"date":"2018-12-14T14:29:43","date_gmt":"2018-12-14T14:29:43","guid":{"rendered":"https:\/\/energiegespraeche.heidenheim.com\/?page_id=161"},"modified":"2025-02-18T14:56:46","modified_gmt":"2025-02-18T14:56:46","slug":"impressum","status":"publish","type":"page","link":"https:\/\/energiegespraeche.heidenheim.com\/index.php\/impressum\/","title":{"rendered":"Impressum"},"content":{"rendered":"<div id=\"pl-161\"  class=\"panel-layout\" ><div id=\"pg-161-0\"  class=\"panel-grid panel-no-style\" ><div id=\"pgc-161-0-0\"  class=\"panel-grid-cell\" ><div id=\"panel-161-0-0-0\" class=\"so-panel widget widget_sow-editor panel-first-child panel-last-child\" data-index=\"0\" ><div\n\t\t\t\n\t\t\tclass=\"so-widget-sow-editor so-widget-sow-editor-base\"\n\t\t\t\n\t\t>\n<div class=\"siteorigin-widget-tinymce textwidget\">\n\t<h4>Impressum<\/h4>\n<p>Architektenkammer Baden-W\u00fcrttemberg<br \/>\nKammergruppe Heidenheim<\/p>\n<p>Dipl.-Ing. Stefan Bubeck<br \/>\nArchitekt<\/p>\n<p><span class=\"read-more\"><a href=\"mailto:kg-hdh@akbw.de\">kg-hdh@akbw.de<\/a><\/span><\/p>\n<div class=\"row\">\n<div class=\"col-md-12\"><\/div>\n<\/div>\n<div class=\"row\">\n<div class=\"col-md-6 privateAddress officeaddresse\">\n<p><strong>Privatadresse<br \/>\n<\/strong>Carl-Zeiss-Str. 11<br \/>\n89518 Heidenheim<\/p>\n<\/div>\n<div class=\"col-md-6 privateAddress officeaddresse\">\n<p><strong>B\u00fcroadresse<br \/>\n<\/strong>Stadt Heidenheim a.d. Brenz<br \/>\nGrabenstr. 15<br \/>\n89522 Heidenheim<\/p>\n<\/div>\n<\/div>\n<div><\/div>\n<div><\/div>\n<p>&nbsp;<\/p>\n<h4>Datenschutzerkl\u00e4rung<\/h4>\n<p>Wir nehmen den Datenschutz sehr ernst und h\u00e4lt sich streng an die gesetzlichen Bestimmungen.<\/p>\n<p>Nutzungsdaten<br \/>\nDie Website speichert keine Nutzungsdaten. Die Weitergabe von Daten an Dritte findet nicht statt.<\/p>\n<p>Personenbezogene Daten<br \/>\nPersonenbezogene Daten werden ausschlie\u00dflich in \u00dcbereinstimmung mit dem jeweils geltenden Datenschutzrecht erhoben und genutzt. Personenbezogene Daten sind Einzelangaben \u00fcber Ihre pers\u00f6nlichen oder sachlichen Verh\u00e4ltnisse, wie zum Beispiel Informationen zu Ihrer Identit\u00e4t wie der Name, die Postanschrift, die E-Mail-Adresse, die Telefonnummer. Diese Daten werden nur gespeichert, wenn Sie sie uns aktiv \u00fcbermitteln.<br \/>\nKontaktdaten, die im Rahmen von Anfragen angegeben werden, werden ausschlie\u00dflich f\u00fcr die entsprechende Korrespondenz verwendet und im Rahmen der Kontaktpflege genutzt. Danach werden sie gel\u00f6scht.<\/p>\n<p>Betroffenenrechte<br \/>\nSie haben alle geltenden Betroffenenrechte, d.h. Auskunftsrecht, Korrekturrecht, Widerrufs- und Widerspruchsrechte sowie Beschwerderecht. Diese k\u00f6nnen Sie unter \u2013\u00a0kg-<a href=\"mailto:hdh@akbw.de\">hdh@akbw.de<\/a>\u00a0 \u2013 geltend machen.<\/p>\n<p>Sicherheit<br \/>\nW\u00e4hrend des Onlineanfrageprozesses sind Ihre Angaben mit einer SSL-Verschl\u00fcsselung gesichert.<\/p>\n<p>Haftungshinweis<br \/>\nTrotz sorgf\u00e4ltiger inhaltlicher Kontrolle \u00fcbernehmen wir keine Haftung f\u00fcr die Inhalte externer Links. F\u00fcr den Inhalt der verlinkten Seiten sind ausschlie\u00dflich deren Betreiber verantwortlich.<\/p>\n<\/div>\n<\/div><\/div><\/div><div id=\"pgc-161-0-1\"  class=\"panel-grid-cell\" ><div id=\"panel-161-0-1-0\" class=\"so-panel widget widget_sow-editor panel-first-child panel-last-child\" data-index=\"1\" ><div\n\t\t\t\n\t\t\tclass=\"so-widget-sow-editor so-widget-sow-editor-base\"\n\t\t\t\n\t\t>\n<div class=\"siteorigin-widget-tinymce textwidget\">\n\t<\/div>\n<\/div><\/div><\/div><\/div><\/div>","protected":false},"excerpt":{"rendered":"<p>Impressum Architektenkammer <span class=\"excerpt-dots\">&hellip;<\/span> <a class=\"more-link\" href=\"https:\/\/energiegespraeche.heidenheim.com\/index.php\/impressum\/\"><span class=\"more-msg\">Weiterlesen &rarr;<\/span><\/a><\/p>\n","protected":false},"author":1,"featured_media":0,"parent":0,"menu_order":0,"comment_status":"closed","ping_status":"closed","template":"","meta":{"footnotes":""},"class_list":["post-161","page","type-page","status-publish","hentry"],"_links":{"self":[{"href":"https:\/\/energiegespraeche.heidenheim.com\/index.php\/wp-json\/wp\/v2\/pages\/161","targetHints":{"allow":["GET"]}}],"collection":[{"href":"https:\/\/energiegespraeche.heidenheim.com\/index.php\/wp-json\/wp\/v2\/pages"}],"about":[{"href":"https:\/\/energiegespraeche.heidenheim.com\/index.php\/wp-json\/wp\/v2\/types\/page"}],"author":[{"embeddable":true,"href":"https:\/\/energiegespraeche.heidenheim.com\/index.php\/wp-json\/wp\/v2\/users\/1"}],"replies":[{"embeddable":true,"href":"https:\/\/energiegespraeche.heidenheim.com\/index.php\/wp-json\/wp\/v2\/comments?post=161"}],"version-history":[{"count":6,"href":"https:\/\/energiegespraeche.heidenheim.com\/index.php\/wp-json\/wp\/v2\/pages\/161\/revisions"}],"predecessor-version":[{"id":511,"href":"https:\/\/energiegespraeche.heidenheim.com\/index.php\/wp-json\/wp\/v2\/pages\/161\/revisions\/511"}],"wp:attachment":[{"href":"https:\/\/energiegespraeche.heidenheim.com\/index.php\/wp-json\/wp\/v2\/media?parent=161"}],"curies":[{"name":"wp","href":"https:\/\/api.w.org\/{rel}","templated":true}]}}