{"id":460,"date":"2019-02-20T10:15:36","date_gmt":"2019-02-20T10:15:36","guid":{"rendered":"https:\/\/energiegespraeche.heidenheim.com\/?page_id=460"},"modified":"2019-05-15T09:24:07","modified_gmt":"2019-05-15T09:24:07","slug":"filme","status":"publish","type":"page","link":"https:\/\/energiegespraeche.heidenheim.com\/index.php\/filme\/","title":{"rendered":"Filme 2018"},"content":{"rendered":"<div id=\"pl-460\"  class=\"panel-layout\" ><div id=\"pg-460-0\"  class=\"panel-grid panel-no-style\" ><div id=\"pgc-460-0-0\"  class=\"panel-grid-cell\" ><div id=\"panel-460-0-0-0\" class=\"so-panel widget widget_sow-editor panel-first-child panel-last-child\" data-index=\"0\" ><div\n\t\t\t\n\t\t\tclass=\"so-widget-sow-editor so-widget-sow-editor-base\"\n\t\t\t\n\t\t>\n<div class=\"siteorigin-widget-tinymce textwidget\">\n\t<h4>Begr\u00fc\u00dfung<\/h4>\n<p><iframe loading=\"lazy\" title=\"13. Heidenheimer Energiegespr\u00e4che &quot;HighTech versus LowTech&quot; - Begr\u00fc\u00dfung\" width=\"1100\" height=\"619\" src=\"https:\/\/www.youtube.com\/embed\/_2JqfgQBg4s?feature=oembed\" frameborder=\"0\" allow=\"accelerometer; autoplay; encrypted-media; gyroscope; picture-in-picture\" allowfullscreen><\/iframe><\/p>\n<p>&nbsp;<\/p>\n<h4>Prof. Kl\u00e4rle<\/h4>\n<p><iframe loading=\"lazy\" title=\"13. Heidenheimer Energiegespr\u00e4che - Prof. Dr. Martina Kl\u00e4rle\" width=\"1100\" height=\"619\" src=\"https:\/\/www.youtube.com\/embed\/b7w10xq5JYg?feature=oembed\" frameborder=\"0\" allow=\"accelerometer; autoplay; encrypted-media; gyroscope; picture-in-picture\" allowfullscreen><\/iframe><\/p>\n<p>&nbsp;<\/p>\n<h4>Prof. Schwarz<\/h4>\n<p><iframe loading=\"lazy\" title=\"13. Heidenheimer Energiegespr\u00e4che - Prof. Dietrich Schwarz\" width=\"1100\" height=\"619\" src=\"https:\/\/www.youtube.com\/embed\/HcvV-WLTVhM?feature=oembed\" frameborder=\"0\" allow=\"accelerometer; autoplay; encrypted-media; gyroscope; picture-in-picture\" allowfullscreen><\/iframe><\/p>\n<p>&nbsp;<\/p>\n<h4>Gespr\u00e4ch mit Stefan Siller<\/h4>\n<p><iframe loading=\"lazy\" title=\"13. Heidenheimer Energiegespr\u00e4che - Diskussion\" width=\"1100\" height=\"619\" src=\"https:\/\/www.youtube.com\/embed\/Y_5sPZAtqhk?feature=oembed\" frameborder=\"0\" allow=\"accelerometer; autoplay; encrypted-media; gyroscope; picture-in-picture\" allowfullscreen><\/iframe><\/p>\n<\/div>\n<\/div><\/div><\/div><div id=\"pgc-460-0-1\"  class=\"panel-grid-cell\" ><div id=\"panel-460-0-1-0\" class=\"so-panel widget widget_sow-editor panel-first-child panel-last-child\" data-index=\"1\" ><div\n\t\t\t\n\t\t\tclass=\"so-widget-sow-editor so-widget-sow-editor-base\"\n\t\t\t\n\t\t>\n<div class=\"siteorigin-widget-tinymce textwidget\">\n\t<\/div>\n<\/div><\/div><\/div><\/div><\/div>","protected":false},"excerpt":{"rendered":"<p>Begr\u00fc\u00dfung https:\/\/youtu.be\/_2JqfgQBg4s <span class=\"excerpt-dots\">&hellip;<\/span> <a class=\"more-link\" href=\"https:\/\/energiegespraeche.heidenheim.com\/index.php\/filme\/\"><span class=\"more-msg\">Weiterlesen &rarr;<\/span><\/a><\/p>\n","protected":false},"author":1,"featured_media":0,"parent":0,"menu_order":0,"comment_status":"closed","ping_status":"closed","template":"","meta":{"footnotes":""},"class_list":["post-460","page","type-page","status-publish","hentry"],"_links":{"self":[{"href":"https:\/\/energiegespraeche.heidenheim.com\/index.php\/wp-json\/wp\/v2\/pages\/460","targetHints":{"allow":["GET"]}}],"collection":[{"href":"https:\/\/energiegespraeche.heidenheim.com\/index.php\/wp-json\/wp\/v2\/pages"}],"about":[{"href":"https:\/\/energiegespraeche.heidenheim.com\/index.php\/wp-json\/wp\/v2\/types\/page"}],"author":[{"embeddable":true,"href":"https:\/\/energiegespraeche.heidenheim.com\/index.php\/wp-json\/wp\/v2\/users\/1"}],"replies":[{"embeddable":true,"href":"https:\/\/energiegespraeche.heidenheim.com\/index.php\/wp-json\/wp\/v2\/comments?post=460"}],"version-history":[{"count":4,"href":"https:\/\/energiegespraeche.heidenheim.com\/index.php\/wp-json\/wp\/v2\/pages\/460\/revisions"}],"predecessor-version":[{"id":479,"href":"https:\/\/energiegespraeche.heidenheim.com\/index.php\/wp-json\/wp\/v2\/pages\/460\/revisions\/479"}],"wp:attachment":[{"href":"https:\/\/energiegespraeche.heidenheim.com\/index.php\/wp-json\/wp\/v2\/media?parent=460"}],"curies":[{"name":"wp","href":"https:\/\/api.w.org\/{rel}","templated":true}]}}